{"id":49,"date":"2025-03-12T09:28:48","date_gmt":"2025-03-12T09:28:48","guid":{"rendered":"https:\/\/sv-weferlingen.de\/?page_id=49"},"modified":"2025-03-12T09:28:48","modified_gmt":"2025-03-12T09:28:48","slug":"impressum","status":"publish","type":"page","link":"https:\/\/sv-weferlingen.de\/?page_id=49","title":{"rendered":"Impressum"},"content":{"rendered":"\n<p>Impressum<\/p>\n\n\n\n<p><br>Sch\u00fctzenverein Weferlingen von 1832 e.V.<br>Sophienstra\u00dfe 8<br>H-W Kraul<br>39356 Weferlingen<br><\/p>\n\n\n\n<p>Vertreten durch:<br>Vorsitzender: Hans-Werner Kraul<br>Stellv. Vorsitzender und Schie\u00dfsportleiter Thomas May<br>Kontakt<br>E-Mail: hwkraul@sv-weferlingen.de<\/p>\n\n\n\n<p>E-Mail: t.may@sv-weferlingen.de<\/p>\n\n\n\n<p><br>Redaktionell verantwortlich<br>Hans-Werner Kraul<br>Thomas May<\/p>\n\n\n\n<p><br>Verbraucherstreitbeilegung\/Universalschlichtungsstelle<br>Wir sind nicht bereit oder verpflichtet, an Streitbeilegungsverfahren vor einer<br>Verbraucherschlichtungsstelle teilzunehmen.<\/p>\n","protected":false},"excerpt":{"rendered":"<p>Impressum Sch\u00fctzenverein Weferlingen von 1832 e.V.Sophienstra\u00dfe 8H-W Kraul39356 Weferlingen Vertreten durch:Vorsitzender: Hans-Werner KraulStellv. Vorsitzender und Schie\u00dfsportleiter Thomas MayKontaktE-Mail: hwkraul@sv-weferlingen.de E-Mail: t.may@sv-weferlingen.de Redaktionell verantwortlichHans-Werner KraulThomas May Verbraucherstreitbeilegung\/UniversalschlichtungsstelleWir sind nicht bereit oder verpflichtet, an Streitbeilegungsverfahren vor einerVerbraucherschlichtungsstelle teilzunehmen.<\/p>\n","protected":false},"author":1,"featured_media":0,"parent":0,"menu_order":0,"comment_status":"closed","ping_status":"closed","template":"","meta":{"footnotes":""},"class_list":["post-49","page","type-page","status-publish","hentry"],"jetpack_sharing_enabled":true,"_links":{"self":[{"href":"https:\/\/sv-weferlingen.de\/index.php?rest_route=\/wp\/v2\/pages\/49","targetHints":{"allow":["GET"]}}],"collection":[{"href":"https:\/\/sv-weferlingen.de\/index.php?rest_route=\/wp\/v2\/pages"}],"about":[{"href":"https:\/\/sv-weferlingen.de\/index.php?rest_route=\/wp\/v2\/types\/page"}],"author":[{"embeddable":true,"href":"https:\/\/sv-weferlingen.de\/index.php?rest_route=\/wp\/v2\/users\/1"}],"replies":[{"embeddable":true,"href":"https:\/\/sv-weferlingen.de\/index.php?rest_route=%2Fwp%2Fv2%2Fcomments&post=49"}],"version-history":[{"count":1,"href":"https:\/\/sv-weferlingen.de\/index.php?rest_route=\/wp\/v2\/pages\/49\/revisions"}],"predecessor-version":[{"id":51,"href":"https:\/\/sv-weferlingen.de\/index.php?rest_route=\/wp\/v2\/pages\/49\/revisions\/51"}],"wp:attachment":[{"href":"https:\/\/sv-weferlingen.de\/index.php?rest_route=%2Fwp%2Fv2%2Fmedia&parent=49"}],"curies":[{"name":"wp","href":"https:\/\/api.w.org\/{rel}","templated":true}]}}